{"id":1191,"date":"2011-09-28T16:17:27","date_gmt":"2011-09-28T14:17:27","guid":{"rendered":"http:\/\/www.vizzit.se\/h\/cookies\/"},"modified":"2022-10-11T16:38:21","modified_gmt":"2022-10-11T14:38:21","slug":"cookies","status":"publish","type":"page","link":"https:\/\/www.vizzit.se\/h\/sv\/cookies\/","title":{"rendered":"Cookies"},"content":{"rendered":"<div class=\"vizzit-element-default \" style=\"\"><div class=\"two-columns-one \" style=\"\"><\/p>\n<h1>Cookies p\u00e5 Vizzit.se<\/h1>\n<p>Den som bes\u00f6ker en webbplats som s\u00e4tter en cookie ska <a title=\"Lagen on elektronisk kommunikation (\u00f6ppnas i ny flik)\" href=\"https:\/\/www.riksdagen.se\/sv\/dokument-lagar\/dokument\/svensk-forfattningssamling\/lag-2003389-om-elektronisk-kommunikation_sfs-2003-389\" target=\"_blank\" rel=\"noopener\">enligt lag<\/a> f\u00e5 information om att cookies s\u00e4tts, i vilket syfte de s\u00e4tts, och hur man kan v\u00e4lja bort dem. Nedan finns information om vilka cookies Vizzit.se anv\u00e4nder, och hur man kan blockera att cookies s\u00e4tts till den egna webbl\u00e4saren.<\/p>\n<h1>Vad \u00e4r en coookie?<\/h1>\n<p>En cookie \u00e4r en liten textfil som s\u00e4tts av en webbplats till bes\u00f6karens dator. En cookie anv\u00e4nds vanligtvis f\u00f6r att f\u00f6rb\u00e4ttra anv\u00e4ndarupplevelsen, eller f\u00f6r att samla in bes\u00f6ksstatistik.<\/p>\n<h1>Vilka cookies s\u00e4tter Vizzit.se?<\/h1>\n<p>Vizzit.se s\u00e4tter f\u00f6ljande cookies till bes\u00f6kares webbl\u00e4sare:<\/p>\n<table>\n<tbody>\n<tr>\n<th>Cookiens namn<\/th>\n<th>Typ av cookie<\/th>\n<th>Varaktighet<\/th>\n<\/tr>\n<tr>\n<td>___vizzit<\/td>\n<td>F\u00f6rstapartscookie<\/td>\n<td>12 m\u00e5nader<\/td>\n<\/tr>\n<tr>\n<td>PHPSESSID<\/td>\n<td>F\u00f6rstapartscookie<\/td>\n<td>Till bes\u00f6ket avslutas<\/td>\n<\/tr>\n<tr>\n<td>qtrans_cookie_test<\/td>\n<td>F\u00f6rstapartscookie<\/td>\n<td>Till bes\u00f6ket avslutas<\/td>\n<\/tr>\n<tr>\n<td>viewed_cookie_policy<\/td>\n<td>F\u00f6rstapartscookie<\/td>\n<td>12 m\u00e5nader<\/td>\n<\/tr>\n<\/tbody>\n<\/table>\n<p>En f\u00f6rstapartscookie inneb\u00e4r att cookien kommer direkt fr\u00e5n webbplatsen och organisationen som driver den. Vizzit.se s\u00e4tter enbart f\u00f6rstapartscookies.<br \/>\nVizzit delar inte data insamlad via cookies med tredje part under n\u00e5gra omst\u00e4ndigheter. Information som Vizzit samlar in kan aldrig kopplas till enskilda individer.<\/p>\n<h1>Vilket syfte har Vizzits cookies?<\/h1>\n<p>De cookies som s\u00e4tts av Vizzit.se har f\u00f6ljande syfte:<\/p>\n<p><strong>___vizzit<\/strong><\/p>\n<p>Cookien underl\u00e4ttar underh\u00e5llsarbete p\u00e5 Vizzit.se och bidrar till att f\u00f6rb\u00e4ttra bes\u00f6ksupplevelsen.<\/p>\n<p><strong>PHPSESSID<\/strong><\/p>\n<p>Denna cookie g\u00f6r det m\u00f6jligt f\u00f6r webbplatsen att komma ih\u00e5g val och inst\u00e4llningar som bes\u00f6karen gjort p\u00e5 webbplatsen.<\/p>\n<p><strong>qtrans_cookie_test<\/strong><\/p>\n<p>Vizzit testar m\u00f6jligheten att automatiskt \u00f6vers\u00e4tta inneh\u00e5ll p\u00e5 webbplatsen. Denna cookie \u00e4r en del av detta test, och p\u00e5verkar inte bes\u00f6karens upplevelse eller prestanda.<\/p>\n<p><strong>viewed_cookie_policy<\/strong><\/p>\n<p>Denna cookie anv\u00e4nds f\u00f6r att komma ih\u00e5g att bes\u00f6karen bekr\u00e4ftat att de f\u00f6rst\u00e5r och godk\u00e4nner cookies p\u00e5 Vizzit.se.<\/p>\n<h1>Radera eller st\u00e4nga av cookies<\/h1>\n<p>F\u00f6r att radera cookies g\u00e5r man in i webbl\u00e4sares inst\u00e4llningar. Exakt hur detta g\u00f6rs beror p\u00e5 vilken webbl\u00e4sare man anv\u00e4nder; v\u00e4nligen se din webbl\u00e4sares anv\u00e4ndarmanual f\u00f6r mer information.<\/p>\n<p>Om man inte vill att webbplatser ska s\u00e4tta cookies till den egna datorn s\u00e5 kan man blockera cookies via webbl\u00e4sarens s\u00e4kerhetsinst\u00e4llningar. Det g\u00e5r \u00e4ven att v\u00e4lja vilka webbplatser som ska f\u00e5 s\u00e4tta cookies.<\/p>\n<p>Notera att om man blockerar eller tar bort cookies s\u00e5 kan detta begr\u00e4nsa funktionaliteten p\u00e5 vissa webbplatser. Det kan t.ex. bli om\u00f6jligt att vara inloggad p\u00e5 en webbplats, eller f\u00f6r webbplatsen att komma ih\u00e5g val som bes\u00f6karen gjort.<\/p>\n<p><\/div><\/div>\n","protected":false},"excerpt":{"rendered":"","protected":false},"author":1,"featured_media":0,"parent":0,"menu_order":22,"comment_status":"closed","ping_status":"closed","template":"full-width-page.php","meta":[],"_links":{"self":[{"href":"https:\/\/www.vizzit.se\/h\/wp-json\/wp\/v2\/pages\/1191"}],"collection":[{"href":"https:\/\/www.vizzit.se\/h\/wp-json\/wp\/v2\/pages"}],"about":[{"href":"https:\/\/www.vizzit.se\/h\/wp-json\/wp\/v2\/types\/page"}],"author":[{"embeddable":true,"href":"https:\/\/www.vizzit.se\/h\/wp-json\/wp\/v2\/users\/1"}],"replies":[{"embeddable":true,"href":"https:\/\/www.vizzit.se\/h\/wp-json\/wp\/v2\/comments?post=1191"}],"version-history":[{"count":33,"href":"https:\/\/www.vizzit.se\/h\/wp-json\/wp\/v2\/pages\/1191\/revisions"}],"predecessor-version":[{"id":24496,"href":"https:\/\/www.vizzit.se\/h\/wp-json\/wp\/v2\/pages\/1191\/revisions\/24496"}],"wp:attachment":[{"href":"https:\/\/www.vizzit.se\/h\/wp-json\/wp\/v2\/media?parent=1191"}],"curies":[{"name":"wp","href":"https:\/\/api.w.org\/{rel}","templated":true}]}}