{"id":12601,"date":"2016-08-19T15:43:57","date_gmt":"2016-08-19T13:43:57","guid":{"rendered":"http:\/\/www.vizzit.se\/h\/?page_id=12601"},"modified":"2026-01-21T19:40:39","modified_gmt":"2026-01-21T18:40:39","slug":"cms-integration","status":"publish","type":"page","link":"https:\/\/www.vizzit.se\/h\/sv\/cms-integration\/","title":{"rendered":"CMS-Integration"},"content":{"rendered":"\n<style>\n    :root{\n      --visible-count:5;\n      --gap:12px;\n      --nav-padding:12px;\n      --thumb-w:150px;\n      --thumb-h:90px;\n    }\n    *{box-sizing:border-box}\n    body{font-family:Inter, \"Segoe UI\", Roboto, Arial, sans-serif; margin:0; background:#f4f6f8; color:#111;}\n    \/* TOP NAV *\/\n    .top-nav-wrap { background:#d1d1d1; padding:10px 16px; display:flex; align-items:center; gap:12px; box-shadow:0 6px 18px rgba(2,6,23,0.12); justify-content: center;}\n    .nav-arrow {\n      background:transparent; border:1px solid rgba(255,255,255,0.08); color:#fff; padding:10px 12px; border-radius:10px; cursor:pointer; font-weight:700;\n      display:flex; align-items:center; justify-content:center; rotate: 90deg;\n    }\n    .nav-arrow:disabled{ opacity:0.42; cursor:default; }\n\t.nav-arrow.navNext { rotate: 270deg; }\n\t.nav-arrow img { width: 3rem; }\n\n    .nav-viewport {\n      <!--overflow:hidden;-->\n      height: calc(var(--thumb-h) + 70px); \/* thumb + label area + padding *\/\n      background:linear-gradient(180deg, rgba(255,255,255,0.02), rgba(255,255,255,0.01));\n      border-radius:12px;\n      padding:var(--nav-padding);\n      box-sizing:border-box;\n      flex-shrink:0;\n      display:flex;\n      align-items:center;\n     \twidth: 860px;\n\t\tmin-height: 200px;\n\toverflow: hidden;\n    }\n    .nav-track {\n      display:flex;\n      gap:var(--gap);\n      transition: transform 320ms cubic-bezier(.22,.9,.19,1);\n      align-items:center;\n      will-change: transform;\n      padding-bottom:4px;\n    }\n\t.nav-track.no-animation {\n      transition: none;\n    }\n\n    \/* stacked mini-card style (C): image + title under *\/\n    .nav-item {\n      width:var(--thumb-w);\n      min-width:var(--thumb-w);\n      display:flex;\n      flex-direction:column;\n\t  justify-content: center;\n      align-items:center;\n      gap:8px;\n      cursor:pointer;\n      transform-origin:center;\n      transition: transform 260ms ease, box-shadow 260ms ease, opacity 260ms ease;\n      opacity:0.92;\n      border-radius:8px;\n      padding:6px;\n      border:2px solid transparent;\n    }\n    .nav-item img{ width:100%; height:var(--thumb-h); object-fit:cover; border-radius:6px; display:block; }\n    .nav-item .nav-title { font-size:13px; color:#333; text-align:center; line-height: 1.5; position: absolute; width: 90px; padding-top: 5px; }\n\t\n\n    \/* active \/ neighbor styles *\/\n    .nav-item.active {\n      transform: scale(1.16);\n      box-shadow:0 5px 15px rgba(2,6,23,0.48);\n      border-color: rgba(255,255,255,0.95);\n      opacity:1;\n\t  margin: 0 20px;\n    }\n    .nav-item.left-near, .nav-item.right-near {\n      transform: scale(1.04);\n      opacity:0.98;\n    }\n\t\n\t.alt-style-gallery .nav-item.active {\n      transform: scale(1.5);\n      box-shadow: none;\n      border-color: rgba(0,0,0,0);\n    }\n\n    main{  }\n    section { display:none; overflow:hidden; color:#000;}\n    section.active { display:block; }\n\n    .section-bg {\n      background-size:cover;\n      background-position:center;\n      position:relative;\n      overflow:hidden;\n    }\n    \/* allow bgColor override, then bgImage above it *\/\n    .section-bg::before{\n      content:\"\";\n      position:absolute; inset:0; z-index:0;\n      background:linear-gradient(180deg, rgba(0,0,0,0.15), rgba(0,0,0,0.32));\n      pointer-events:none;\n    }\n    .section-inner{ position:relative; z-index:2; background:linear-gradient(180deg, rgba(255,255,255,0.24), rgba(0,0,0,0.74)); padding:28px; min-height:460px; }\n\n    #content h2.section-headline { font-family:Comfortaa; font-size:48px; margin:0 0 18px 0; font-weight:600; color:#fff; }\n\t#content h3.section-desc { text-align: left; font-weight:300; color:#fff; margin: 0 auto; width: 1000px; max-width: 100%; display: flex; gap: 2em; }\n\t.section-label { text-align: center; margin-bottom: 18px; }\n\n    .section-content { display:flex; gap:3rem; align-items:flex-start; padding:22px; border-radius:10px; }\n\t#content .section-content img { border-radius:15px; }\n    .left { width:40%; max-width: 500px; }\n    .right { width:60%; display:flex; align-items:center; justify-content:center; }\n\n    .card { background:rgba(255,255,255,0.94); color:#111; margin-bottom:12px; border-radius:50px; cursor:pointer; transition:transform .18s ease; display: flex; align-items: center; gap:0.5rem; padding: 20px 12px; }\n\t.card:hover{ transform: translateY(-4px); }\n    .card.active { background:rgba(245,245,245,1); box-shadow:0 6px 18px rgba(2,6,23,0.06); border-radius:20px; }\n\t.card .toggle-btn { visibility:visible; font-weight: 1000; font-size: 20px; }\n\t.card .toggle-btn .plus-icon { width: 1.2rem; height: 1.2rem; border: #333 solid 1px; padding: 0.2rem; border-radius: 2rem; background-image: url(\"\/h\/wp-content\/themes\/vizzit\/images\/new-dashboard\/list.nav.plus.svg\"); background-position: center; background-repeat: no-repeat; }\n\t.card.active .toggle-btn { visibility:hidden; }\n    .card-title { font-family:Comfortaa; font-weight:700; }\n    .card-content { display:none; margin-top:8px; font-size:14px; color:#333; }\n    .card.active .card-content { display:block; }\n\n    .right img { max-width:100%; border-radius:8px; box-shadow:0 12px 34px rgba(0,0,0,0.35); transition:opacity .36s ease; }\n\n    \/* responsive *\/\n    @media (max-width:980px){\n      :root{ --thumb-w:120px; --thumb-h:72px; }\n      .nav-viewport{ height: calc(var(--thumb-h) + 44px); width: 440px; }\n      .section-content{ flex-direction:column; }\n      .left,.right{ width:100%; max-width:none; }\n\t  .nav-item .nav-title { top: 25px; }\n\t\n    }\n    @media (max-width:520px){\n      :root{ --thumb-w:100px; --thumb-h:60px; --visible-count:3; }\n      .nav-viewport{ width: 375px; }\n\t  .nav-arrow img{ width: 2rem; }\n\t  .top-nav-wrap{ gap: 0px; }\n\t  .nav-item .nav-title { top: 22px; line-height: 16px; }\n\t  \n    }\n\t\n\t\/* LAYOUT-HEADER *\/\n\t\n\t.layout-header {\n\t\tposition: relative;\n\t\tpadding: 80px 5vw;\n\t\toverflow: hidden;\n\t\tbackground-color: rgb(0, 0, 0);\n\t\tbackground-size: cover;\n\t}\n\t\n\t.layout-header .layout-content-wrapper {\n\t  max-width: 70%;\n\t  min-height: 300px;\n\t  margin: 0 auto;\n\t  padding: 0;\n      display: flex;\n\t  flex-direction: column;\n\t  align-items: flex-end;\n\t  justify-content: flex-end;\n\t}\n\t\n\t.layout-header .layout-content-wrapper .layout-content-component {\n\t  padding: 40px 75px 34px 65px;\n\t  background: #1A7FE5;\n\t  border-radius: 400px 50px;\n\t  box-shadow: 0 8px 14px rgba(0, 0, 0, 0.35);\n\t}\n\t\n\t.layout-header h2 .title-main {\n\t  font-size: 2.2em;\n\t  font-weight: 700;\n\t  font-family:Comfortaa;\n\t  font-weight:600;\n\t  color: #fff;\n\t}\n\t\n\t\/* LAYOUT-TEXT-BOXES *\/\n\t\n\t.layout-text-boxes {\n\t\tposition: relative;\n\t\tpadding: 80px 5vw;\n\t\toverflow: hidden;\n\t\tbackground-color: rgb(0, 0, 0);\n\t}\n\t\n\t.layout-text-boxes .layout-content-wrapper {\n\t  max-width: 70%;\n\t  margin: 0 auto;\n\t  padding: 0;\n      display: flex;\n\t  flex-direction: column;\n\t  gap: 3rem;\n\t}\n\t\n\t.layout-text-boxes .layout-content-wrapper.horizontal-flow {\n\t  flex-direction: row;\n\t}\n\t\n\t.layout-text-boxes .layout-content-wrapper.vertical-center {\n\t  align-items: center;\n\t}\n\t\n\t.layout-text-boxes .layout-content-wrapper .layout-content-component {\n\t  margin: 0;\n\t  flex: 1 1 0;\n\t}\n\t\n\t.layout-text-boxes .layout-content-wrapper .layout-content-columns  {\n\t  display: flex;\n\t  flex-direction: row;\n\t  justify-content: space-between;\n\t}\n\t\n\t.layout-text-boxes .layout-content-wrapper .layout-content-columns .layout-content-component  {\n\t  margin: 0;\n\t  padding: 25px 45px;\n\t  background-color: #f0f0f0;\n\t  border-radius: 20px;\n\t  width: 48%;\n\t}\n\t\n\t.layout-text-boxes h2 {\n\t  display: flex;\n\t  flex-direction: column;\n\t  margin: 0;\n\t  margin-bottom: 20px;\n\t  color: #fff;\n\t}\n\t\n\t.layout-text-boxes.inverted h2 {\n\t  color: #000;\n\t}\n\t\n\t.layout-text-boxes .layout-content-columns h2,\n\t#content .layout-text-boxes .layout-content-columns h3\t{\n\t  margin: 0;\n\t  color: #000;\n\t}\n\t\n\t.layout-text-boxes h2 .title-main {\n\t  font-size: 2rem;\n\t  font-weight: 700;\n\t  font-family:Comfortaa;\n\t  font-weight:600;\n\t}\n\n\t.layout-text-boxes h2 .title-sub {\n\t  font-size: 1.6rem;\n\t  font-family:Comfortaa;\n\t  font-weight:600;\n\t  margin-left: 20px;\n\t  \/*opacity: 0.8;*\/\n\t}\n\t\n\t#content .layout-text-boxes h3 {\n\t  font-weight:initial;\n\t  font-size: 20px;\n      line-height: 34px;\n\t  color: #fff;\n\t}\n\t\n\t#content .layout-text-boxes h3 ul {\n\t\tpadding: 0 0 0 17px;\n\t}\n\t\n\t#content .layout-text-boxes h3 ul li {\n\t  font-size: 20px;\n\t  padding: 0 0 12px 0;\n\t}\n\t\n\t#content .layout-text-boxes h3.indent-by-header {\n\t  margin-left: 20px;\n\t}\n\t\n\t#content .layout-text-boxes.inverted h3 {\n\t  color: #000;\n\t}\n\t\n\t#content .layout-text-boxes.inverted h3 span.text-indent {\n\t  \/*text-indent: 1em;*\/\n\t  display: block;\n\t}\n\t\n\t\/* IMAGE-CLUSTER *\/\n\t.layout-text-boxes .image-cluster {\n\t\tdisplay: flex;\n\t\tflex-wrap: nowrap;\n\t\tjustify-content: flex-start;\n\t\tgap: 60px;\n\t\tflex-direction: column;\n\t\talign-items: flex-end;\n\t}\n\t\n\t.layout-text-boxes .image-cluster .image-frame {\n\t\tposition: relative;\n\t\tborder-radius: 20px;\n\t\twidth: 215px;\n\t\theight: 90px;\n\t\tbackground-color: antiquewhite;\n\t}\n\t\n\t.layout-text-boxes .image-cluster .image-frame:nth-child(odd) {\n\t\tmargin-right: 27%;\n\t}\n\t\n\t#content .layout-text-boxes .image-cluster .image-frame .image-item {\n\t\tposition: absolute;\n\t\tright: -15px;\n\t\tbottom: -10px;\n\t\twidth: 210px;\n\t\tpadding: 14px;\n\t\tbackground-color: #fff;\n\t\tborder-radius: 20px;\n\t\tbox-shadow: 0px 5px 15px rgba(0, 0, 0, 0.15);\n\t}\n\t\n\t@media only screen and (max-width: 700px) {\n\t\t.layout-text-boxes .layout-content-wrapper {\n\t\t\tmax-width: 90%;\n\t\t}\n\t\t\n\t\t.layout-text-boxes .layout-content-wrapper.horizontal-flow {\n\t\t\tflex-direction: column;\n\t\t}\n\t}\n\n\t@media only screen and (max-width: 1000px) {\n\t\t.layout-text-boxes .layout-content-wrapper {\n\t\t\tmax-width: unset;\n\t\t}\n\t}\n\t\n\t@media only screen and (max-width: 1660px) {\n\t\t.layout-text-boxes h2 .title-main {\n\t\t\tfont-size: 1.4em;\n\t\t}\n\t\t\n\t\t.layout-text-boxes h2 .title-sub {\n\t\t\tfont-size: 1.2em;\n\t\t}\n\t\n\t\t#content .layout-text-boxes h3 {\n\t\t\tfont-size: 1.1em;\n\t\t\tline-height: 1.7em;\n\t\t}\n\t\n\t\t#content .layout-text-boxes h3 ul li {\n\t\t\tfont-size: 1em;\n\t\t}\n\t}\n\t\n\t@media only screen and (max-width: 1800px) {\n\t\t.layout-text-boxes .layout-content-wrapper {\n\t\t\tmax-width: 90%;\n\t\t}\n\t}\n\t\n\t\/* Base content *\/\n\t\n\t#content .section-dashboard .rounded-button {\n\t\tfont-size: 19px;\n\t\tcolor: #fff;\n\t\ttext-decoration: none;\n\t\tdisplay: inline-block;\n\t\tcursor: pointer;\n\t\tmax-width: 100%;\n\t\tbox-sizing: border-box;\n\t\tpadding: 8px 22px;\n\t\tbackground: linear-gradient(90deg, #74d367 0%, #4db33f 60.5%);\n\t\tborder-radius: 50px;\n\t\twidth: fit-content;\n\t\tmargin-top: 0.6em;\n\t}\n\t\n\t\n\n  <\/style>\n  \n\t<!-- HEADER -->\n\t<div class=\"section-dashboard layout-header\" style=\"background-image: url(\/h\/wp-content\/uploads\/2025\/11\/pink-flower-4299217_1920.jpg);\">\n\t\t<div class=\"layout-content-wrapper\">\n\t\t\t<div class=\"layout-content-component\">\n\t\t\t\t<h2>\n\t\t\t\t\t<span class=\"title-main\">CMS<\/span>\n\t\t\t\t<\/h2>\n\t\t\t<\/div>\n\t\t<\/div>\n\t<\/div>\n\t<!-- \/HEADER -->\n\t\n\t\n\t\n\t<!-- CMS -->\n\t<div class=\"section-dashboard layout-text-boxes inverted\" style=\"background-color: #fff;\">\n\t\t<div class=\"layout-content-wrapper horizontal-flow\" style=\"gap: 5em;\">\n\t\t\t<div class=\"layout-content-component image-cluster\">\n\t\t\t\t<div class=\"image-frame\" style=\"background-color: #861DFF;\">\n\t\t\t\t\t<img class=\"image-item\" src=\"\/h\/wp-content\/uploads\/2025\/03\/partner.optimizely.png\" alt=\"Optimizely\">\n\t\t\t\t<\/div>\n\t\t\t\t<div class=\"image-frame\" style=\"background-color: #18959C;\">\n\t\t\t\t\t<img class=\"image-item\" src=\"\/h\/wp-content\/uploads\/2025\/03\/partner.sharepoint.png\" alt=\"\">\n\t\t\t\t<\/div>\n\t\t\t\t<div class=\"image-frame\" style=\"background-color: #FFC61D;\">\n\t\t\t\t\t<img class=\"image-item\" src=\"\/h\/wp-content\/uploads\/2016\/08\/partner.sitevision.jpg\" alt=\"\">\n\t\t\t\t<\/div>\n\t\t\t\t<div class=\"image-frame\" style=\"background-color: #464342;\">\n\t\t\t\t\t<img class=\"image-item\" src=\"\/h\/wp-content\/uploads\/2016\/08\/partner.wordpress.png\" alt=\"\">\n\t\t\t\t<\/div>\n\t\t\t\t<div class=\"image-frame\" style=\"background-color: #283A97;\">\n\t\t\t\t\t<img class=\"image-item\" src=\"\/h\/wp-content\/uploads\/2025\/03\/umbraco.png\" alt=\"\">\n\t\t\t\t<\/div>\n\t\t\t<\/div>\n\t\t\t<div class=\"layout-content-component\" style=\"flex: 1;\">\n\t\t\t\t<h2>\n\t\t\t\t\t<span class=\"title-main\">CMS-integration<\/span>\n\t\t\t\t<\/h2>\n\t\t\t\t<h3>\n\t\t\t\t\tVizzit st\u00f6djer de vanligaste CMS-verktygen p\u00e5 marknaden. Genom v\u00e5ra skr\u00e4ddarsydda moduler f\u00f6r respektive CMS f\u00e5r ni full tillg\u00e5ng till alla smarta funktioner och verktyg som Vizzit erbjuder. Det ger en smidig integration och ett effektivt arbetss\u00e4tt \u2013 oavsett vilket CMS ni anv\u00e4nder.\n\t\t\t\t<\/h3>\n\t\t\t\t<h3>\n\t\t\t\t\tNu erbjuder vi fullt st\u00f6d f\u00f6r SharePoint. M\u00e5nga har l\u00e4nge efterfr\u00e5gat ett mer komplett analys- och underh\u00e5llsverktyg, eftersom SharePoints inbyggda statistik \u00e4r begr\u00e4nsad \u2013 s\u00e4rskilt n\u00e4r det g\u00e4ller historik, detaljniv\u00e5 och anv\u00e4ndarbeteende. Med Vizzit f\u00e5r ni dessutom insikter om redakt\u00f6rsaktivitet. Allt detta ing\u00e5r i v\u00e5r SharePoint-l\u00f6sning.\n\t\t\t\t<\/h3>\n\t\t\t\t<h3>\n\t\t\t\t\tDet senaste CMS:et vi utvecklat komplett st\u00f6d f\u00f6r \u00e4r Umbraco \u2013 fr\u00e5n version 13 och fram\u00e5t, hela v\u00e4gen till den senaste versionen Umbraco 17.\n\t\t\t\t<\/h3>\n\t\t\t<\/div>\n\t\t\t<div class=\"layout-content-component\" style=\"flex: 1;\">\n\t\t\t\t<h2>\n\t\t\t\t\t<span class=\"title-main\">CMS som Vizzit st\u00f6djer<\/span>\n\t\t\t\t<\/h2>\n\t\t\t\t<h3>\n\t\t\t\t\t<ul>\n\t\t\t\t\t\t<li>Optimizely \/ Episerver<\/li>\n\t\t\t\t\t\t<li>WordPress<\/li>\n\t\t\t\t\t\t<li>SharePoint (nyhet)<\/li>\n\t\t\t\t\t\t<li>Umbraco (nyhet)<\/li>\n\t\t\t\t\t<\/ul>\n\t\t\t\t<\/h3>\n\t\t\t\t<h3>\n\t\t\t\t\tAnv\u00e4nder ni ett CMS eller ett liknande system som vi \u00e4nnu inte har en specifik modul f\u00f6r betyder det inte att ni g\u00e5r miste om Vizzits l\u00f6sningar. Tv\u00e4rtom kan ni fortfarande anv\u00e4nda merparten av v\u00e5ra funktioner och verktyg \u00e4ven utan en f\u00e4rdig modul.\n\t\t\t\t<\/h3>\n\t\t\t\t<h3>\n\t\t\t\t\tVill ni veta mer om hur Vizzit kan fungera tillsammans med just ert system \u00e4r ni varmt v\u00e4lkomna att kontakta oss. Vi ber\u00e4ttar g\u00e4rna mer och visar hur v\u00e5ra l\u00f6sningar kan skapa v\u00e4rde f\u00f6r er.\n\t\t\t\t<\/h3>\n\t\t\t\t<h3>\n\t\t\t\t<a href=\"\/h\/intresseanmalan\/\">\n\t\t\t\t\t<div class=\"rounded-button\">\n\t\t\t\t\t\tBoka demo\n\t\t\t\t\t<\/div>\n\t\t\t\t<\/a>\n\t\t\t\t<\/h3>\n\t\t\t<\/div>\n\t\t<\/div>\n\t<\/div>\n\t<!-- \/CMS -->\n","protected":false},"excerpt":{"rendered":"<p>CMS CMS-integration Vizzit st\u00f6djer de vanligaste CMS-verktygen p\u00e5 marknaden. Genom v\u00e5ra skr\u00e4ddarsydda moduler f\u00f6r respektive CMS f\u00e5r ni full tillg\u00e5ng till alla smarta funktioner och verktyg som Vizzit erbjuder. Det ger en smidig integration och ett effektivt arbetss\u00e4tt \u2013 oavsett &hellip; <a href=\"https:\/\/www.vizzit.se\/h\/sv\/cms-integration\/\">Continue reading <span class=\"meta-nav\">&rarr;<\/span><\/a><\/p>\n","protected":false},"author":1,"featured_media":0,"parent":0,"menu_order":40,"comment_status":"closed","ping_status":"closed","template":"full-width-page.php","meta":[],"_links":{"self":[{"href":"https:\/\/www.vizzit.se\/h\/wp-json\/wp\/v2\/pages\/12601"}],"collection":[{"href":"https:\/\/www.vizzit.se\/h\/wp-json\/wp\/v2\/pages"}],"about":[{"href":"https:\/\/www.vizzit.se\/h\/wp-json\/wp\/v2\/types\/page"}],"author":[{"embeddable":true,"href":"https:\/\/www.vizzit.se\/h\/wp-json\/wp\/v2\/users\/1"}],"replies":[{"embeddable":true,"href":"https:\/\/www.vizzit.se\/h\/wp-json\/wp\/v2\/comments?post=12601"}],"version-history":[{"count":72,"href":"https:\/\/www.vizzit.se\/h\/wp-json\/wp\/v2\/pages\/12601\/revisions"}],"predecessor-version":[{"id":25191,"href":"https:\/\/www.vizzit.se\/h\/wp-json\/wp\/v2\/pages\/12601\/revisions\/25191"}],"wp:attachment":[{"href":"https:\/\/www.vizzit.se\/h\/wp-json\/wp\/v2\/media?parent=12601"}],"curies":[{"name":"wp","href":"https:\/\/api.w.org\/{rel}","templated":true}]}}