{"id":24157,"date":"2021-01-29T16:54:33","date_gmt":"2021-01-29T15:54:33","guid":{"rendered":"https:\/\/www.vizzit.se\/h\/?page_id=24157"},"modified":"2021-09-01T10:40:17","modified_gmt":"2021-09-01T08:40:17","slug":"integritetspolicy","status":"publish","type":"page","link":"https:\/\/www.vizzit.se\/h\/sv\/integritetspolicy\/","title":{"rendered":"Vizzit.se &#8211; Integritetspolicy"},"content":{"rendered":"<div class=\"vizzit-element-default \" style=\"\"><div class=\"two-columns-one \" style=\"\"><\/p>\n<article>This is the Swedish version of our Privacy Policy. <a style=\"color: blue;\" href=\"https:\/\/www.vizzit.se\/h\/en\/integritetspolicy\/\">Click here for the English version<\/a>.<\/p>\n<p><em>V\u00e4nligen notera att denna integritetspolicy endast avser data som Vizzit behandlar f\u00f6r egen r\u00e4kning. Behandlingen av data f\u00f6r kunds r\u00e4kning regleras i respektive tj\u00e4nsteavtal och\/eller tillh\u00f6rande avtal. Om du \u00e4r kund och har fr\u00e5gor om hur Vizzit hanterar era uppgifter eller den data vi samlar in \u00e5 era v\u00e4gnar, v\u00e4nligen kontakta oss p\u00e5 support@vizzit.se.\u00a0\u00a0<\/em><\/p>\n<h2>Integritetspolicy<\/h2>\n<h3>1. Allm\u00e4nt<\/h3>\n<h4>1.1 Om Vizzit<\/h4>\n<p>Vizzit International AB, nedan kallat \u201dVizzit\u201d, \u00e4r ett svenskt IT-f\u00f6retag som utvecklar och marknadsf\u00f6r verktyg f\u00f6r analys och underh\u00e5ll av webbplatser. Vizzit erbjuder \u00e4ven utbildning och tj\u00e4nster inom dessa omr\u00e5den.<\/p>\n<p>Verktygen anv\u00e4nds f\u00f6r att analysera bes\u00f6ksbeteenden och trender, s\u00e4kerst\u00e4lla att inneh\u00e5llet p\u00e5 ber\u00f6rda webbplatser \u00e4r aktuellt och relevant, f\u00f6lja upp \u00e4ndringar, och identifiera och \u00e5tg\u00e4rda problem, s\u00e5som brutna l\u00e4nkar och obes\u00f6kta sidor.<\/p>\n<h4>1.2 Integritetspolicys syfte och inneh\u00e5ll<\/h4>\n<p>Vizzit tar r\u00e4tten till personlig integritet p\u00e5 st\u00f6rsta allvar. Denna integritetspolicy beskriver vilken data vi behandlar, i vilket syfte den behandlas, vilka lagliga st\u00f6d vi har f\u00f6r behandlingen, hur l\u00e4nge data sparas, vem den delas med, och vilka dina r\u00e4ttigheter \u00e4r.<\/p>\n<p>Syftet med denna policy \u00e4r att informera dig om hur vi v\u00e4rnar om din integritet.<\/p>\n<p>Notera att detta dokument inte inneh\u00e5ller information om hur vi behandlar information om v\u00e5ra kunder och anv\u00e4ndare. S\u00e5dan behandling regleras i avtal mellan Vizzit och respektive kund. Mer information l\u00e4mnas ut p\u00e5 beg\u00e4ran.<\/p>\n<h3>2. Definitioner<\/h3>\n<h4>2.1 Personuppgift<\/h4>\n<p>Personuppgifter \u00e4r information som direkt eller indirekt kan anv\u00e4ndas f\u00f6r att identifiera en levande individ. Exempel p\u00e5 information som kan utg\u00f6ra en personuppgift \u00e4r: namn, bilder, filmklipp, e-postadress, och IP-adress.<\/p>\n<h4>2.2 Behandling av personuppgift<\/h4>\n<p>All form av hantering av personuppgifter r\u00e4knas som behandling av uppgifterna. Exempel p\u00e5 behandling \u00e4r: insamling, registrering, lagring, bearbetning, \u00f6verf\u00f6ring, eller radering.<\/p>\n<h4>2.3 Personuppgiftsansvarig<\/h4>\n<p>Den fysiska eller juridiska person som ansvarar f\u00f6r att personuppgifter behandlas s\u00e4kert och i enlighet med g\u00e4llande lagar och regler.<\/p>\n<h3>3. Personuppgiftsansvarig<\/h3>\n<p>Vizzit International AB, org. nr. 556691-3116, med adress K\u00e4ll\u00e4ngsv\u00e4gen 54 181 44 Liding\u00f6, \u00e4r personuppgiftsansvarig f\u00f6r samtliga personuppgifter som samlas in och behandlas.<\/p>\n<h3>4. Vilken information Vizzit samlar in och behandlar<\/h3>\n<p>Vizzit samlar in och behandlar olika personuppgifter, beroende p\u00e5 hur, och i vilket syfte, du kontaktar eller bes\u00f6ker oss. Du hittar en detaljerad beskrivning av vad som samlas in nedan:<\/p>\n<h4>4.1 Bes\u00f6k till Vizzits webbplats, www.vizzit.se<\/h4>\n<p>Vid bes\u00f6k till www.vizzit.se s\u00e5 samlar Vizzit in din IP-adress.<\/p>\n<h4>4.2 Vid rekrytering<\/h4>\n<p>Om du skickar in ett CV eller personligt brev till Vizzit, s\u00e5 kan det komma att inneh\u00e5lla personuppgifter, till exempel:<\/p>\n<ul>\n<li>Namn<\/li>\n<li>E-postadress<\/li>\n<\/ul>\n<h4>4.3 N\u00e4r du skickar in ett formul\u00e4r via www.vizzit.se<\/h4>\n<p>N\u00e4r du skickar in ett formul\u00e4r via v\u00e5r webbplats, s\u00e5 kan du komma att bifoga ditt namn och telefonnummer.<\/p>\n<h4>4.4 N\u00e4r du skickar e-post till Vizzit<\/h4>\n<p>Om ditt meddelande inneh\u00e5ller personuppgifter s\u00e5 \u00f6verf\u00f6rs dessa till v\u00e5rt system, om det \u00e4r n\u00f6dv\u00e4ndigt f\u00f6r behandling av meddelandets inneh\u00e5ll.<\/p>\n<h3>5. Syftet med behandlingen<\/h3>\n<h4>5.1 Bes\u00f6k till www.vizzit.se<\/h4>\n<p>Insamlad information anv\u00e4nds f\u00f6r att ta fram statistik och trender \u00f6ver hur bes\u00f6kare navigerar p\u00e5 Vizzits webbplats. Informationen kopplas inte till enskild individ.<\/p>\n<h4>5.2 Vid rekrytering<\/h4>\n<p>Uppgifterna anv\u00e4nds f\u00f6r:<\/p>\n<ul>\n<li>Behandling av jobbans\u00f6kan<\/li>\n<li>Handl\u00e4ggning vid rekrytering<\/li>\n<\/ul>\n<h4>5.3 N\u00e4r du skickar in ett formul\u00e4r via www.vizzit.se<\/h4>\n<p>Uppgifterna anv\u00e4nds f\u00f6r att:<\/p>\n<ul>\n<li>Registrera och behandla formul\u00e4rets inneh\u00e5ll<\/li>\n<li>Kommunicera med den akt\u00f6r som skickat in formul\u00e4ret<\/li>\n<li>Skapa aff\u00e4rsrelation med den akt\u00f6r som skickat in formul\u00e4ret<\/li>\n<li>Uppr\u00e4tth\u00e5lla kontakt med den akt\u00f6r som skickat in formul\u00e4ret, om det finns ett ber\u00e4ttigat intresse<\/li>\n<\/ul>\n<h4>5.4 N\u00e4r du skickar e-post till Vizzit<\/h4>\n<p>Syftet med behandlingen av personuppgifter vi tar emot via e-post beror p\u00e5 vad meddelandet inneh\u00e5ller, och vad syftet med inneh\u00e5llet \u00e4r. En avv\u00e4gning g\u00f6rs d\u00e4rf\u00f6r i varje enskilt fall.<\/p>\n<h3>6. Lagring av personuppgifter<\/h3>\n<p>H\u00e4r kan du l\u00e4sa hur l\u00e4nge insamlade personuppgifter lagras.<\/p>\n<h4>6.1 Bes\u00f6k till www.vizzit.se<\/h4>\n<p>Uppgifterna lagras s\u00e5 l\u00e4nge det \u00e4r n\u00f6dv\u00e4ndigt f\u00f6r att behandla och granska relevant statistik.<\/p>\n<h4>6.2 Vid rekrytering<\/h4>\n<p>Uppgifterna lagras s\u00e5 l\u00e4nge det \u00e4r n\u00f6dv\u00e4ndigt f\u00f6r att behandla jobbans\u00f6kan eller handl\u00e4gga rekrytering.<\/p>\n<h4>6.3 N\u00e4r du skickar in ett formul\u00e4r via www.vizzit.se<\/h4>\n<p>Uppgifterna sparas s\u00e5 l\u00e4nge det \u00e4r n\u00f6dv\u00e4ndigt f\u00f6r att kunna behandla formul\u00e4rets inneh\u00e5ll, kommunicera med akt\u00f6ren som skickat in formul\u00e4ret, och fullf\u00f6lja relevanta \u00e5taganden.<\/p>\n<h4>6.4 N\u00e4r du skickar e-post till Vizzit<\/h4>\n<p>Informationen sparas s\u00e5 l\u00e4nge det \u00e4r n\u00f6dv\u00e4ndigt f\u00f6r att behandla, besvara, eller utf\u00f6ra eventuella uppgifter eller \u00e5taganden som \u00e4r ett resultat av inkommet e-postmeddelande.<\/p>\n<h3>7. R\u00e4ttslig grund f\u00f6r behandling av personuppgifter<\/h3>\n<p>F\u00f6r att vi ska kunna behandla inkomna personuppgifter m\u00e5ste det finnas en r\u00e4ttslig grund behandlingen. Nedan beskrivs de lagliga grunderna som v\u00e5r behandling baseras p\u00e5.<\/p>\n<h4>7.1 R\u00e4ttslig f\u00f6rpliktelse<\/h4>\n<p>R\u00e4ttslig f\u00f6rpliktelse f\u00f6rbinder oss att spara vissa uppgifter. Ett exempel \u00e4r bokf\u00f6ringsskyldigheten, som kr\u00e4vs enligt bokf\u00f6ringslagen.<\/p>\n<h4>7.2 Samtycke<\/h4>\n<p>Anv\u00e4nds n\u00e4r du l\u00e4mnat ett uttryckligt samtycke till att vi behandlar din information. Denna grund anv\u00e4nds exempelvis vid utskick av nyhetsbrev och anm\u00e4lningar till event.<\/p>\n<h4>7.3 Avtalsf\u00f6rpliktelser<\/h4>\n<p>Om behandlingen av dina personuppgifter \u00e4r n\u00f6dv\u00e4ndig f\u00f6r att Vizzit ska kunna ing\u00e5 eller fullf\u00f6lja ett avtal med dig, s\u00e5 utg\u00f6r det laglig grund f\u00f6r s\u00e5dan behandling.<\/p>\n<h4>7.4 Ber\u00e4ttigat intresse<\/h4>\n<p>Personuppgifter kan behandlas om det finns ett ber\u00e4ttigat intresse. Det handlar t.ex. om att analysera beteenden p\u00e5 v\u00e5r webbplats f\u00f6r att f\u00f6rb\u00e4ttra bes\u00f6ksupplevelsen, kommunicera relevant information till ber\u00f6rda och intresserade parter, och bibeh\u00e5lla aff\u00e4rsrelationer.<\/p>\n<h3>8. \u00d6verf\u00f6ring av personuppgifter<\/h3>\n<p>Vizzit \u00f6verf\u00f6r inga personuppgifter till tredje part. Undantag kan ske om det kr\u00e4vs f\u00f6r att uppfylla r\u00e4ttsliga f\u00f6rpliktelser.<\/p>\n<h3>9. \u00c5terkallelse av samtycke<\/h3>\n<p>Om du har gett Vizzit samtycke att behandla dina personuppgifter, s\u00e5 kan du n\u00e4r som helst \u00e5terkalla detta samtycke. Om du vill \u00e5terkalla samtycke, v\u00e4nligen anv\u00e4nd kontaktuppgifterna i slutet av detta dokument.<\/p>\n<h3>10. Dina r\u00e4ttigheter<\/h3>\n<h4>10.1 R\u00e4tt till radering<\/h4>\n<p>Kallas \u00e4ven \u201dr\u00e4tten att bli bortgl\u00f6md\u201d. Du kan alltid beg\u00e4ra att vi ska radera alla eller delar av de personuppgifter som ber\u00f6r dig som finns i v\u00e5ra system, utifall att:<\/p>\n<ul>\n<li>Uppgifterna inte l\u00e4ngre beh\u00f6vs f\u00f6r att uppfylla det tillt\u00e4nkta syftet<\/li>\n<li>Om uppgifterna anv\u00e4nds f\u00f6r direktmarknadsf\u00f6ring och du mots\u00e4tter dig denna behandling<\/li>\n<li>Om du anser att den avv\u00e4gning vi har gjort av ber\u00e4ttigat intresse inte \u00e4r korrekt<\/li>\n<li>Om du tidigare gett ditt samtycke och vill \u00e5terkalla det<\/li>\n<li>Om uppgifter behandlats p\u00e5 ett olagligt s\u00e4tt<\/li>\n<\/ul>\n<p>En beg\u00e4ran om radering kan komma att avsl\u00e5s om det finns r\u00e4ttsliga sk\u00e4l. Det kan t.ex. ske om uppgifterna kr\u00e4vs f\u00f6r att uppfylla en r\u00e4ttslig f\u00f6rpliktelse, s\u00e5som bokf\u00f6rings- eller skattelagstiftning.<\/p>\n<h4>10.2 R\u00e4tt till r\u00e4ttelse<\/h4>\n<p>Du kan beg\u00e4ra att dina uppgifter ska r\u00e4ttas om de \u00e4r felaktiga. Du kan \u00e4ven beg\u00e4ra att f\u00e5 komplettera lagrade uppgifter.<\/p>\n<h4>10.3 R\u00e4tt att ta del av dina personuppgifter<\/h4>\n<p>Du har r\u00e4tt att beg\u00e4ra ut ett registerutdrag f\u00f6r dina personuppgifter som behandlas av Vizzit. Detta utdrag inneh\u00e5ller information om:<\/p>\n<ul>\n<li>Vilka uppgifter som behandlas<\/li>\n<li>I vilket syfte uppgifterna anv\u00e4nds<\/li>\n<li>Hur l\u00e4nge uppgifterna kommer att sparas<\/li>\n<li>Om och med vilka som personuppgifterna har delats med<\/li>\n<li>Var uppgifterna kommer ifr\u00e5n<\/li>\n<\/ul>\n<p>Vid beg\u00e4ran om registerutdrag s\u00e5 kan Vizzit komma att beg\u00e4ra information fr\u00e5n dig f\u00f6r att s\u00e4kerst\u00e4lla din identitet, s\u00e5 att informationen l\u00e4mnas ut till r\u00e4tt person.<\/p>\n<p>Upprepade f\u00f6rfr\u00e5gningar kan medf\u00f6ra en administrativ avgift. I dessa fall informeras du om denna kostnad innan registerutdraget tas fram.<\/p>\n<h4>10.4 R\u00e4tt till begr\u00e4nsning<\/h4>\n<p>Du har r\u00e4tt att beg\u00e4ra att vi begr\u00e4nsar behandlingen av dina uppgifter i vissa situationer. Du kan t.ex. beg\u00e4ra att uppgifter som ska r\u00e4ttas eller kompletteras inte anv\u00e4nds under tiden de genomg\u00e5r korrigering. Det kan finnas undantag d\u00e4r begr\u00e4nsningen av behandling inte kan utf\u00f6ras, t.ex. om behandlingen \u00e4r n\u00f6dv\u00e4ndig f\u00f6r att uppfylla en r\u00e4ttslig f\u00f6rpliktelse.<\/p>\n<h4>10.5 R\u00e4tt till inv\u00e4ndningar<\/h4>\n<p>Du har r\u00e4tt att g\u00f6ra inv\u00e4ndningar mot hur vi behandlar dina personuppgifter, t.ex. om vi gjort en intresseavv\u00e4gning som du anser \u00e4r felaktig. Om du vill inv\u00e4nda mot anv\u00e4ndning av dina personuppgifter, v\u00e4nligen kontakta oss. Du hittar kontaktinformation l\u00e4ngst ner i detta dokument.<\/p>\n<h4>10.6 R\u00e4tt att flytta uppgifter<\/h4>\n<p>Du har r\u00e4tt att beg\u00e4ra att dina uppgifter \u00f6verf\u00f6rs till en annan personuppgiftsansvarig, eller l\u00e4mnas ut i ett l\u00e4ttillg\u00e4ngligt format direkt till dig. Om du vill l\u00e4mna in en s\u00e5dan beg\u00e4ran, v\u00e4nligen kontakta oss. Du hittar kontaktinformation l\u00e4ngst ner i detta dokument.<\/p>\n<p>Om det inte \u00e4r tekniskt genomf\u00f6rbart att \u00f6verf\u00f6ra dina uppgifter till den personuppgiftsansvarige som du anger, s\u00e5 kan din beg\u00e4ran komma att avsl\u00e5s.<\/p>\n<h3>11. Kontakt<\/h3>\n<p>Om du har fr\u00e5gor om det som st\u00e5r i denna integritetspolicy, eller om du \u00f6nskar l\u00e4mna in en beg\u00e4ran eller inv\u00e4ndning mot personuppgiftsbehandling, v\u00e4nligen mejla oss p\u00e5 info@vizzit.se.<\/p>\n<p>Om du har allm\u00e4nna fr\u00e5gor om Vizzits verksamhet, s\u00e5 kan du \u00e4ven skicka dem till info@vizzit.se.<\/p>\n<\/article>\n<p><\/div><\/div>\n","protected":false},"excerpt":{"rendered":"","protected":false},"author":1,"featured_media":0,"parent":0,"menu_order":0,"comment_status":"closed","ping_status":"closed","template":"full-width-page.php","meta":[],"_links":{"self":[{"href":"https:\/\/www.vizzit.se\/h\/wp-json\/wp\/v2\/pages\/24157"}],"collection":[{"href":"https:\/\/www.vizzit.se\/h\/wp-json\/wp\/v2\/pages"}],"about":[{"href":"https:\/\/www.vizzit.se\/h\/wp-json\/wp\/v2\/types\/page"}],"author":[{"embeddable":true,"href":"https:\/\/www.vizzit.se\/h\/wp-json\/wp\/v2\/users\/1"}],"replies":[{"embeddable":true,"href":"https:\/\/www.vizzit.se\/h\/wp-json\/wp\/v2\/comments?post=24157"}],"version-history":[{"count":40,"href":"https:\/\/www.vizzit.se\/h\/wp-json\/wp\/v2\/pages\/24157\/revisions"}],"predecessor-version":[{"id":24420,"href":"https:\/\/www.vizzit.se\/h\/wp-json\/wp\/v2\/pages\/24157\/revisions\/24420"}],"wp:attachment":[{"href":"https:\/\/www.vizzit.se\/h\/wp-json\/wp\/v2\/media?parent=24157"}],"curies":[{"name":"wp","href":"https:\/\/api.w.org\/{rel}","templated":true}]}}