{"id":24262,"date":"2021-03-17T18:42:25","date_gmt":"2021-03-17T17:42:25","guid":{"rendered":"https:\/\/www.vizzit.se\/h\/?page_id=24262"},"modified":"2021-11-30T09:55:50","modified_gmt":"2021-11-30T08:55:50","slug":"sa-hanterar-vizzit-insamlad-data-2","status":"publish","type":"page","link":"https:\/\/www.vizzit.se\/h\/sv\/sa-hanterar-vizzit-insamlad-data-2\/","title":{"rendered":"S\u00e5 hanterar Vizzit insamlad data"},"content":{"rendered":"<style type=\"text\/css\" scoped=\"\"> @media screen and (max-width: 800px) { .vizzit-header-with-background { background-image: url(\/h\/wp-content\/uploads\/2016\/08\/header.products2-1024x356.jpg) !important; } }<\/style><div class=\"vizzit-header-with-background narrow\" style=\"background-image:url(\/h\/wp-content\/uploads\/2016\/08\/header.products2.jpg)\"><div class=\"header-content\"><div class=\"safe-area\"><\/p>\n<h1 class=\"top left\" style=\"color:#7938bd;\">S\u00e5 hanterar Vizzit insamlad data<\/h1>\n<p><\/div><\/div><\/div>\n<div class=\"vizzit-element-default \" style=\"\"><div class=\"two-columns-one \" style=\"text-align:center;\"><img loading=\"lazy\" src=\"\/h\/wp-content\/uploads\/2021\/03\/data.img_.jpg\" alt=\"data.img\" width=\"321\" height=\"478\" class=\"alignnone size-full wp-image-24265\" srcset=\"https:\/\/www.vizzit.se\/h\/wp-content\/uploads\/2021\/03\/data.img_.jpg 321w, https:\/\/www.vizzit.se\/h\/wp-content\/uploads\/2021\/03\/data.img_-201x300.jpg 201w\" sizes=\"(max-width: 321px) 100vw, 321px\" \/><\/div><div class=\"two-columns-one last \" style=\"\"><\/p>\n<h1 class=\"big\">S\u00e5 hanterar Vizzit insamlad data<\/h1>\n<p>P\u00e5 Vizzit v\u00e4rnar vi om allas r\u00e4tt till personlig integritet. H\u00e4r kan du l\u00e4sa om hur vi samlar in och behandlar data, samtidigt som vi skyddar bes\u00f6karnas personliga information.<\/p>\n<h1 class=\"big\">Vilken data samlar Vizzit in?<\/h1>\n<p>Vizzit samlar bara in tv\u00e5 saker:<\/p>\n<ol style=\"font-size: 0.9em;\">\n<li>Bes\u00f6karens IP-adress<\/li>\n<li>Vizzits cookie (inneh\u00e5ller endast en slumpm\u00e4ssig teckenrad)<\/li>\n<\/ol>\n<p>Vizzit kan inte koppla n\u00e5got av detta till enskilda individer. P\u00e5 s\u00e5 s\u00e4tt skyddas bes\u00f6karnas personliga integritet.<br \/>\n<\/div><\/div>\n<div class=\"vizzit-element-default \" style=\"\"><div class=\"two-columns-one \" style=\"\"><\/p>\n<h1 class=\"big\">Vad anv\u00e4nds informationen till?<\/h1>\n<h2>Bes\u00f6karens IP-adress<\/h2>\n<p>IP-adresser anv\u00e4nds vid processering, men lagras inte i v\u00e5ra databaser.<br \/>\nUnder processeringen anv\u00e4nds IP-adresserna i tv\u00e5 syften:<\/p>\n<ol style=\"font-size: 0.9em;\">\n<li>Se skillnad p\u00e5 intern trafik (fr\u00e5n den egna organisationen) och extern trafik (alla andra).<\/li>\n<li>Uppskatta var bes\u00f6kare kommer ifr\u00e5n (region, stad, organisation).<\/li>\n<\/ol>\n<h2>Vizzits cookie<\/h2>\n<p>Vizzits cookie inneh\u00e5ller bara en unik, slumpm\u00e4ssig serie tecken. Vizzit anv\u00e4nder denna teckenserie f\u00f6r att avg\u00f6ra om webbl\u00e4saren har bes\u00f6kt webbplatsen f\u00f6rut, och f\u00f6r att samla in statistik \u00f6ver hur bes\u00f6kare navigerar p\u00e5 webbplatsen.<\/div><div class=\"two-columns-one last \" style=\"\"><\/p>\n<h1 class=\"big\">S\u00e5 skyddar Vizzit bes\u00f6karens integritet<\/h1>\n<p>Vizzits verktyg \u00e4r designade f\u00f6r att ge v\u00e5ra kunder matnyttig information om sina bes\u00f6kare, samtidigt som de v\u00e4rnar om bes\u00f6karnas r\u00e4tt till personlig integritet.<br \/>\nMed Vizzits datainsamlingsmetoder s\u00e5 \u00e4r och f\u00f6rblir alla bes\u00f6kare helt anonyma. Informationen kan inte kopplas till individer, varken var f\u00f6r sig eller i kombination med \u00f6vrig data. Vizzit varken s\u00e4ljer eller delar information med tredje part.<br \/>\nVizzits starka integritetsskydd har gjort att vi har f\u00e5tt f\u00f6rtroendet att samla in data \u00e5t flera stora, s\u00e4kerhetsklassade organisationer.<\/div><\/div>\n<div class=\"vizzit-element-default \" style=\"\"><div class=\"two-columns-one \" style=\"\"><\/p>\n<h1 class=\"big\">Tillval f\u00f6r \u00f6kat skydd<\/h1>\n<p>Vizzits verktyg tillhandah\u00e5ller ett komplett integritetsskydd f\u00f6r b\u00e5de kundens och bes\u00f6karens data. Men ibland kan man vilja \u00f6ka s\u00e4kerheten ytterligare. F\u00f6r kunder som har denna typ av behov s\u00e5 erbjuder vi ett antal olika anonymiseringsmetoder. F\u00f6r mer information, v\u00e4nligen kontakta oss p\u00e5 08 545 888 60, eller maila oss p\u00e5 info@vizzzit.se.<\/div><div class=\"two-columns-one last \" style=\"text-align:center;\"><br \/>\n<\/div><\/div>\n<div style=\"height:2em\"><\/div>\n","protected":false},"excerpt":{"rendered":"","protected":false},"author":1,"featured_media":0,"parent":0,"menu_order":0,"comment_status":"closed","ping_status":"closed","template":"full-width-page.php","meta":[],"_links":{"self":[{"href":"https:\/\/www.vizzit.se\/h\/wp-json\/wp\/v2\/pages\/24262"}],"collection":[{"href":"https:\/\/www.vizzit.se\/h\/wp-json\/wp\/v2\/pages"}],"about":[{"href":"https:\/\/www.vizzit.se\/h\/wp-json\/wp\/v2\/types\/page"}],"author":[{"embeddable":true,"href":"https:\/\/www.vizzit.se\/h\/wp-json\/wp\/v2\/users\/1"}],"replies":[{"embeddable":true,"href":"https:\/\/www.vizzit.se\/h\/wp-json\/wp\/v2\/comments?post=24262"}],"version-history":[{"count":33,"href":"https:\/\/www.vizzit.se\/h\/wp-json\/wp\/v2\/pages\/24262\/revisions"}],"predecessor-version":[{"id":24438,"href":"https:\/\/www.vizzit.se\/h\/wp-json\/wp\/v2\/pages\/24262\/revisions\/24438"}],"wp:attachment":[{"href":"https:\/\/www.vizzit.se\/h\/wp-json\/wp\/v2\/media?parent=24262"}],"curies":[{"name":"wp","href":"https:\/\/api.w.org\/{rel}","templated":true}]}}