{"id":24337,"date":"2021-06-02T09:49:24","date_gmt":"2021-06-02T07:49:24","guid":{"rendered":"https:\/\/www.vizzit.se\/h\/?page_id=24337"},"modified":"2021-06-02T10:45:26","modified_gmt":"2021-06-02T08:45:26","slug":"informationssakerhetspolicy","status":"publish","type":"page","link":"https:\/\/www.vizzit.se\/h\/sv\/informationssakerhetspolicy\/","title":{"rendered":"Informationss\u00e4kerhetspolicy"},"content":{"rendered":"<div class=\"vizzit-element-default \" style=\"\"><div class=\"two-columns-one \" style=\"\"><\/p>\n<h1>Informationss\u00e4kerhetspolicy<\/h1>\n<p>V\u00e5r informationss\u00e4kerhetspolicy finns i dagsl\u00e4get inte tillg\u00e4nglig p\u00e5 Vizzit.se.<\/p>\n<p>Har du fr\u00e5gor om hur vi arbetar med informationss\u00e4kerhet, eller \u00f6nskar f\u00e5 en kopia av denna policy? Mejla till info@vizzit.se eller ring oss p\u00e5 08 545 888 60, s\u00e5 hj\u00e4lper vi dig.<\/p>\n<p>Med v\u00e4nliga h\u00e4lsningar,<\/p>\n<p>Vizzit<\/p>\n<p><\/div><\/div>\n","protected":false},"excerpt":{"rendered":"","protected":false},"author":1,"featured_media":0,"parent":0,"menu_order":0,"comment_status":"closed","ping_status":"closed","template":"full-width-page.php","meta":[],"_links":{"self":[{"href":"https:\/\/www.vizzit.se\/h\/wp-json\/wp\/v2\/pages\/24337"}],"collection":[{"href":"https:\/\/www.vizzit.se\/h\/wp-json\/wp\/v2\/pages"}],"about":[{"href":"https:\/\/www.vizzit.se\/h\/wp-json\/wp\/v2\/types\/page"}],"author":[{"embeddable":true,"href":"https:\/\/www.vizzit.se\/h\/wp-json\/wp\/v2\/users\/1"}],"replies":[{"embeddable":true,"href":"https:\/\/www.vizzit.se\/h\/wp-json\/wp\/v2\/comments?post=24337"}],"version-history":[{"count":8,"href":"https:\/\/www.vizzit.se\/h\/wp-json\/wp\/v2\/pages\/24337\/revisions"}],"predecessor-version":[{"id":24353,"href":"https:\/\/www.vizzit.se\/h\/wp-json\/wp\/v2\/pages\/24337\/revisions\/24353"}],"wp:attachment":[{"href":"https:\/\/www.vizzit.se\/h\/wp-json\/wp\/v2\/media?parent=24337"}],"curies":[{"name":"wp","href":"https:\/\/api.w.org\/{rel}","templated":true}]}}