{"id":24532,"date":"2025-03-17T16:42:57","date_gmt":"2025-03-17T15:42:57","guid":{"rendered":"https:\/\/www.vizzit.se\/h\/?page_id=24532"},"modified":"2026-01-17T11:21:11","modified_gmt":"2026-01-17T10:21:11","slug":"sdg","status":"publish","type":"page","link":"https:\/\/www.vizzit.se\/h\/sv\/sdg\/","title":{"rendered":"Vizzit &#8211; Automatiserad SDG Rapportering"},"content":{"rendered":"<p><\/p>\n<div class=\"vizzit-header-with-background narrow sdg2025\" style=\"background-image: url('\/h\/wp-content\/uploads\/2025\/03\/background.o.wave_.png'); background-position-y: 35%;\">\n<div class=\"header-content\">\n<div class=\"safe-area sdg2025\">\n<div class=\"column\">\n<h1 class=\"sdg2025\" style=\"color: #ffffff; text-align: left;\">Vizzit \u2013 Automatiserad SDG Rapportering<\/h1>\n<div class=\"medium-text\">\u00c4r er organisation en av dem som omfattas av kraven att leverera in data\/statistik f\u00f6r sidor som ber\u00f6rs av SDG f\u00f6rordningen?<\/div>\n<div class=\"medium-text\" style=\"padding-bottom: 20px;\">D\u00e5 har Vizzit ett enkelt och automatiserat<br>\nst\u00f6d f\u00f6r att l\u00f6sa uppgiften \u00e5t er.<\/div>\n<div class=\"sdgbutton\" style=\"text-align: left;\"><a href=\"\/h\/intresseanmalan\/\">Intresserad av v\u00e5r SDG-l\u00f6sning? Klicka h\u00e4r!<\/a><\/div>\n<\/div>\n<div class=\"column\">\n<div class=\"sdg-illustration\"><img src=\"\/h\/wp-content\/uploads\/2025\/03\/sdg.illustration.svg\" alt=\"SDG illustration\"><\/div>\n<\/div>\n<\/div>\n<\/div>\n<\/div>\n<div class=\"vizzit-element-default sdg2025\">\n<h1 class=\"big\">Kom ig\u00e5ng med n\u00e5gra f\u00e5 steg<\/h1>\n<div class=\"content-container\" style=\"align-items: flex-start; min-height: auto; padding-top: 20px;\">\n<div class=\"two-columns-one \">Vizzit tillhandah\u00e5ller en automatiserad l\u00f6sning f\u00f6r statistikrapportering f\u00f6r de utvalda sidor som respektive myndighet\/organisation har krav att rapportera in till, SDG, webbplatsen Your Europe.<\/div>\n<div class=\"two-columns-one \">Spara tid, minska manuellt arbete och s\u00e4kerst\u00e4ll att all data rapporteras korrekt \u2013 helt utan kr\u00e5ngel! Kom ig\u00e5ng med n\u00e5gra f\u00e5 steg \u2013 l\u00e4s mer nedan och f\u00f6renkla er rapportering redan idag!<\/div>\n<\/div>\n<\/div>\n<div class=\"vizzit-element-with-background sdg2025 blue\">\n<div class=\"vizzit-element-default sdg2025\">\n<div class=\"content-container \">\n<div class=\"two-columns-one \">\n<h1 class=\"big\">Vilka kan anv\u00e4nda tj\u00e4nsten?<\/h1>\n<\/div>\n<div class=\"two-columns-one \">Alla kan ansluta sig till tj\u00e4nsten och det spelar ingen roll vilket CMS ni anv\u00e4nder s\u00e5<br>\nl\u00e4nge som det \u00e4r m\u00f6jligt att s\u00e4tta Vizzit javascript-tagg p\u00e5 ber\u00f6rda sidor.<\/div>\n<\/div>\n<\/div>\n<\/div>\n<div class=\"vizzit-element-default sdg2025\">\n<div class=\"content-container \">\n<div class=\"two-columns-one small\"><img src=\"\/h\/wp-content\/uploads\/2025\/03\/sdg.checklist.svg\" alt=\"Illustration of a checklist\"><\/div>\n<div class=\"two-columns-one large\">\n<h1 class=\"big\">SDG (Single Digital Gateway) &#8211; Kort bakgrund<\/h1>\n<p>Single digital gateway&nbsp;(SDG) \u00e4r en EU-f\u00f6rordning med syfte att: tillhandah\u00e5lla<br>\ninformation via en gemensam&nbsp;digital&nbsp;ing\u00e5ng, g\u00f6ra det m\u00f6jligt att utf\u00f6ra \u00e4renden<br>\nonline \u00f6ver landsgr\u00e4nser, minska administration f\u00f6r privatpersoner och f\u00f6retag. I<br>\nSverige ber\u00f6rs myndigheter p\u00e5 statlig, regional och kommunal niv\u00e5 av arbetet.<\/p>\n<div class=\"sdgbutton\"><a href=\"https:\/\/www.digg.se\/styrning-och-samordning\/sdg---en-gemensam-digital-ingang-till-europa\/\">Klicka h\u00e4r f\u00f6r att l\u00e4sa mer p\u00e5 DIGG.se<\/a><\/div>\n<\/div>\n<\/div>\n<\/div>\n<div class=\"vizzit-element-with-background sdg2025 blue\">\n<div class=\"vizzit-element-default sdg2025\">\n<div class=\"content-container \">\n<div class=\"two-columns-one large\">\n<h1 class=\"big\">Vilka ber\u00f6rs av SDG f\u00f6rordningen?<\/h1>\n<p>De akt\u00f6rer som omfattas av SDG-f\u00f6rordningen kallas beh\u00f6riga myndigheter. En<br>\nbeh\u00f6rig myndighet kan vara en statlig myndighet, en kommun, en region, ett<br>\nkommun- eller region\u00e4gt f\u00f6retag eller en privat akt\u00f6r.<\/p>\n<div class=\"sdgbutton\"><a href=\"https:\/\/www.digg.se\/styrning-och-samordning\/sdg---en-gemensam-digital-ingang-till-europa\/stod-till-kommuner\">L\u00e4s om hur den kommunala verksamheten p\u00e5verkas av SDG &#8211; DIGG.se<\/a><\/div>\n<\/div>\n<div class=\"two-columns-one small\"><img src=\"\/h\/wp-content\/uploads\/2025\/03\/sdg.webpage.svg\" alt=\"Illustration of a webpage\"><\/div>\n<\/div>\n<\/div>\n<\/div>\n<div class=\"vizzit-element-default sdg2025\">\n<h1 class=\"big\">Vad beh\u00f6ver ni g\u00f6ra?<\/h1>\n<div class=\"content-container \" style=\"justify-content: space-between;\">\n<div class=\"two-columns-one small-text\">\n<div>Webbsidor som inneh\u00e5ller information som omfattas av SDG-f\u00f6rordningen beh\u00f6ver uppfylla f\u00f6ljande.<\/div>\n<div class=\"sdg-ul\">\n<div class=\"sdg-ul-dot\"><\/div>\n<div class=\"sdg-ul-content\" style=\"flex-direction: column;\">Kvalitetskraven som anges i artiklarna 9-11 i SDG-f\u00f6rordningen ska vara uppfyllda. Artikel 9 f\u00f6r information om r\u00e4ttigheter, skyldigheter och regler. Artikel 10 f\u00f6r information om f\u00f6rfaranden. Artikel 11 f\u00f6r information om hj\u00e4lp- och probleml\u00f6sningstj\u00e4nster. L\u00e4s mer om dessa krav p\u00e5 den h\u00e4r sidan: <a style=\"color: #0032c8; margin-top: 10px;\" href=\"https:\/\/www.digg.se\/styrning-och-samordning\/sdg---en-gemensam-digital-ingang-till-europa\/analysera-om-ni-omfattas-av-sdg-forordningen\/analysera-om-ni-har-information-enligt-sdg-forordningen\/krav-pa-information\">Krav p\u00e5 information<\/a><\/div>\n<\/div>\n<div class=\"sdg-ul\">\n<div class=\"sdg-ul-dot\"><\/div>\n<div class=\"sdg-ul-content\">Informationen ska vara p\u00e5 engelska.<\/div>\n<\/div>\n<div class=\"sdg-ul\">\n<div class=\"sdg-ul-dot\"><\/div>\n<div class=\"sdg-ul-content\">Your Europe-logotypen ska finnas p\u00e5 webbsidan.<\/div>\n<\/div>\n<div class=\"sdg-ul\">\n<div class=\"sdg-ul-dot\"><\/div>\n<div class=\"sdg-ul-content\">Det ska finnas m\u00f6jlighet f\u00f6r anv\u00e4ndaren att l\u00e4mna \u00e5terkoppling p\u00e5 webbsidan.<\/div>\n<\/div>\n<div class=\"sdg-ul\">\n<div class=\"sdg-ul-dot\"><\/div>\n<div class=\"sdg-ul-content\">Webbsidan ska vara taggad med SDG-metataggar s\u00e5 att crawlern (s\u00f6kroboten) kan hitta och synligg\u00f6ra webbsidan p\u00e5 Your Europe. Observera att webbplatsen som webbsidan ligger under m\u00e5ste vara registrerad i l\u00e4nkregistret som finns i EU-kommissionens kontrollpanel f\u00f6r att crawlern ska kunna s\u00f6ka igenom webbplatsen och hitta webbsidan med SDG-information.<\/div>\n<\/div>\n<div class=\"sdg-ul\">\n<div class=\"sdg-ul-dot\"><\/div>\n<div class=\"sdg-ul-content\">Webbplatsen som webbsidan ligger under beh\u00f6ver registreras i l\u00e4nkregistret.<br>\nRegistret finns i EU-kommissionens kontrollpanel.<\/div>\n<\/div>\n<div class=\"sdg-ul\">\n<div class=\"sdg-ul-dot\"><\/div>\n<div class=\"sdg-ul-content\">Anv\u00e4ndarstatistik f\u00f6r webbsidan ska samlas in och skickas in till EU-kommissionen.<\/div>\n<\/div>\n<div>St\u00f6d och v\u00e4gledning i vad ni tekniskt beh\u00f6ver g\u00f6ra f\u00f6r att f\u00f6lja kraven hittar du h\u00e4r:<\/div>\n<div class=\"sdgbutton\"><a href=\"https:\/\/www.digg.se\/styrning-och-samordning\/sdg---en-gemensam-digital-ingang-till-europa\/teknisk-information\">Teknisk information | DIGG<\/a><\/div>\n<\/div>\n<div class=\"two-columns-one\" style=\"align-items: flex-end;\">\n<div class=\"sdg-logo\"><img src=\"\/h\/wp-content\/uploads\/2025\/03\/sdg.your.europe.svg\" alt=\"Your Europe Logo\"><\/div>\n<\/div>\n<\/div>\n<\/div>\n<div class=\"vizzit-element-with-background sdg2025 green\">\n<div class=\"vizzit-element-default sdg2025\">\n<div class=\"content-container \">\n<div class=\"two-columns-one\">\n<h1 class=\"big\">S\u00e5 h\u00e4r ser processen ut\u2028f\u00f6r att komma ig\u00e5ng<\/h1>\n<p>F\u00f6ljande uppgifter beh\u00f6vs.<\/p>\n<div><img src=\"\/h\/wp-content\/uploads\/2025\/03\/sdg.report.data.svg\" alt=\"Illustration of SDG data flow\"><\/div>\n<\/div>\n<div class=\"two-columns-one\">\n<div class=\"sdg-ul\">\n<div class=\"sdg-ul-int\">1<\/div>\n<div class=\"sdg-ul-content\">Uppgifter om er organisation<\/div>\n<\/div>\n<div class=\"sdg-ul\">\n<div class=\"sdg-ul-int\">2<\/div>\n<div class=\"sdg-ul-content\">Vilken webbplats det g\u00e4ller<\/div>\n<\/div>\n<div class=\"sdg-ul\">\n<div class=\"sdg-ul-int\">3<\/div>\n<div class=\"sdg-ul-content\">Vilka sidor som ber\u00f6rs<\/div>\n<\/div>\n<div class=\"sdg-ul\">\n<div class=\"sdg-ul-int\">4<\/div>\n<div class=\"sdg-ul-content\">Generera det unika Javascriptet, l\u00e4ggs in p\u00e5 respektive sida<\/div>\n<\/div>\n<div class=\"sdg-ul\">\n<div class=\"sdg-ul-int\">5<\/div>\n<div class=\"sdg-ul-content\">Skicka in de kundspecifika nycklar som tillhandah\u00e5lls av DIGG<\/div>\n<\/div>\n<div class=\"sdg-ul\">\n<div class=\"sdg-ul-int\">6<\/div>\n<div class=\"sdg-ul-content\">Fr\u00e5n vilket datum som rapporteringen ska starta<\/div>\n<\/div>\n<\/div>\n<\/div>\n<\/div>\n<\/div>\n<div class=\"vizzit-element-default sdg2025\">\n<h1 class=\"big\">Det h\u00e4r beh\u00f6ver vi av er<\/h1>\n<div class=\"content-container \" style=\"min-height: 110px;\">Den h\u00e4r processen finner ni efter tecknat avtal i Vizzit kundzon.<\/div>\n<div id=\"sdg-settings-preview\">\n<div class=\"sdg-toggle selected\">\n<div class=\"sdg-title\">Organisations-info<\/div>\n<div class=\"sdg-img\"><img src=\"\/h\/wp-content\/uploads\/2025\/04\/form.a.png\" alt=\"Illustration of Vizzit settings\"><\/div>\n<\/div>\n<div class=\"sdg-toggle\">\n<div class=\"sdg-title\">API-nyckel och Vizzit-Javascript<\/div>\n<div class=\"sdg-img\"><img src=\"\/h\/wp-content\/uploads\/2025\/04\/form.c.png\" alt=\"Illustration of Vizzit settings\"><\/div>\n<\/div>\n<\/div>\n<\/div>\n<div class=\"vizzit-element-with-background fill-content\" style=\"background-position: center;\">\n<div class=\"vizzit-element-default sdg2025\">\n<h1 class=\"big\" style=\"color: #fff; justify-content: center;\">Vizzits steg<\/h1>\n<div style=\"color: #fff; text-align: center;\">Det h\u00e4r sker p\u00e5 v\u00e5r sida<\/div>\n<div class=\"content-container\">\n<div class=\"sdg-steps\">\n<div class=\"vizzit-text-box \">\n<div class=\"corner-number\" style=\"background-color: #e14545;\">1<\/div>\n<div class=\"text-area\">\n<h1>Avtal<\/h1>\n<div>Avtal mellan Vizzit och kund tas fram. Ni f\u00e5r d\u00e4refter inloggningsuppgifter till v\u00e5r Kundzon d\u00e4r ni fyller i alla uppgifter vi beh\u00f6ver.<\/div>\n<\/div>\n<\/div>\n<div class=\"vizzit-text-box \">\n<div class=\"corner-number\" style=\"background-color: #ff9900;\">2<\/div>\n<div class=\"text-area\">\n<h1>M\u00e4tning<\/h1>\n<div>Unik kunddatabas skapas f\u00f6r respektive webbplats skapas hos Vizzit.<br>\nTester genomf\u00f6rs med kund innan produktionss\u00e4ttning.<\/div>\n<\/div>\n<\/div>\n<div class=\"vizzit-text-box \">\n<div class=\"corner-number\" style=\"background-color: #48c2fb;\">3<\/div>\n<div class=\"text-area\">\n<h1>Kundzon<\/h1>\n<div>I er \u201dKundzon\u201d hittar ni vad som har rapporterats in l\u00f6pande till SDG. D\u00e4r kan ni \u00e4ven g\u00f6ra \u00e4ndringar om s\u00e5 kr\u00e4vs fram\u00f6ver.<\/div>\n<\/div>\n<\/div>\n<\/div>\n<\/div>\n<\/div>\n<\/div>\n<div class=\"vizzit-element-default sdg2025\">\n<h1 class=\"big\">Krav och Tekniska f\u00f6ruts\u00e4ttningar<\/h1>\n<div class=\"content-container\" style=\"align-items: flex-start; min-height: auto; padding-top: 20px;\">\n<div class=\"two-columns-one\">\n<div>F\u00f6r att anv\u00e4nda Vizzits l\u00f6sning kr\u00e4vs att ni har m\u00f6jlighet att l\u00e4gga in Vizzits javascript p\u00e5 ber\u00f6rda sidor.<\/div>\n<div>Scriptet ska \u00e4ven laddas i de fall n\u00e4r bes\u00f6kare har tackat nej till kakor. Anledningen till att detta \u00e4r m\u00f6jligt \u00e4r att Vizzit-m\u00e4tningen kan k\u00f6ras helt cookie-fri.<\/div>\n<\/div>\n<div class=\"two-columns-one \">P\u00e5 webbsidor d\u00e4r inneh\u00e5llet laddas in dynamiskt, utan att hela sidan laddas om, \u00e4r det n\u00f6dv\u00e4ndigt att g\u00f6ra s\u00e4rskilda anpassningar f\u00f6r att s\u00e4kerst\u00e4lla att m\u00e4tningen fungerar korrekt. I dessa fall kr\u00e4vs att ni implementerar ett eget Javascript som aktivt triggar Vizzit-Javascript varje g\u00e5ng nytt inneh\u00e5ll laddas in p\u00e5 sidan.<\/div>\n<\/div>\n<\/div>\n<div class=\"vizzit-element-with-background sdg2025 blue\">\n<div class=\"vizzit-element-default sdg2025\">\n<h1 class=\"big\">S\u00e4kerhet och integritet<\/h1>\n<div class=\"content-container \">\n<div class=\"two-columns-one \">Vizzits l\u00f6sning \u00e4r helt s\u00e4ker utifr\u00e5n kraven fr\u00e5n GDPR. All information som samlas in fr\u00e5n respektive kund sparas p\u00e5 Vizzits egna servrar som st\u00e5r i Sverige. Ingen personlig information samlas in.<\/div>\n<div class=\"two-columns-one \">Informationen delas ej med 3 part, ej heller anv\u00e4nds n\u00e5gra underkonsulter i n\u00e5gon form. Ni som kund kan har full insyn i den information som samlas och skickas till SDG.<\/div>\n<div><img src=\"\/h\/wp-content\/uploads\/2025\/03\/sdg.lock.svg\" alt=\"Illustration of a lock\"><\/div>\n<\/div>\n<\/div>\n<\/div>\n<div class=\"vizzit-element-default sdg2025\">\n<div class=\"content-container \">\n<div class=\"two-columns-one \">\n<h1 class=\"big\" style=\"color: #d13b57;\">L\u00e5ter det intressant?<\/h1>\n<\/div>\n<div class=\"two-columns-one \" style=\"align-items: center;\">\n<div class=\"sdgbutton\"><a href=\"\/h\/intresseanmalan\/\">Jag \u00e4r intresserad av er SDG-l\u00f6sning<\/a><\/div>\n<p>Eller ring oss p\u00e5 + 46 8&nbsp;545&nbsp;888 60<\/p>\n<\/div>\n<\/div>\n<p><\/p>\n<\/div>\n\n\n<style>\n\/* Menu CSS *\/\n\t@media only screen and (max-width: 700px) {\n\t\theader#branding .top-menu .menu-text-new {\n\t\t\tfont-size: 12px;\n\t\t}\n\t\t\n\t\theader#branding .top-menu hgroup#site-title {\n\t\t\twidth: 75px;\n\t\t}\n\t\t\n\t\theader#branding .top-menu hgroup#site-title img {\n\t\t\twidth: 95%;\n\t\t}\n\t\t\n\t\theader#branding .top-menu #mainnav div.login-icon {\n\t\t\twidth: 19px;\n\t\t}\n\t\t\n\t\theader#branding a[href=\"\/h\/produkter\/\"] .menu-text-new, \n\t\theader#branding a[href=\"\/h\/radgivning\/\"] .menu-text-new {\n\t\t\tdisplay: none;\n\t\t}\n\t\t\n\t\theader#branding a[href=\"\/h\/produkter\/\"]:before,\n\t\theader#branding a[href=\"\/h\/radgivning\/\"]:before {\n\t\t\tcolor: #fff;\n\t\t\tfont-size: 12px;\n\t\t}\n\t\t\n\t\theader#branding a[href=\"\/h\/produkter\/\"]:before {\n\t\t\tcontent: 'Produkter';\n\t\t}\n\t\t\n\t\theader#branding a[href=\"\/h\/radgivning\/\"]:before {\n\t\t\tcontent: 'Tj\u00e4nster';\n\t\t\tmargin-left: 5px;\n\t\t}\n\t}\n\t\n\t\n\t\n\n  <\/style>\n","protected":false},"excerpt":{"rendered":"<p>Vizzit \u2013 Automatiserad SDG Rapportering \u00c4r er organisation en av dem som omfattas av kraven att leverera in data\/statistik f\u00f6r sidor som ber\u00f6rs av SDG f\u00f6rordningen? D\u00e5 har Vizzit ett enkelt och automatiserat st\u00f6d f\u00f6r att l\u00f6sa uppgiften \u00e5t er. &hellip; <a href=\"https:\/\/www.vizzit.se\/h\/sv\/sdg\/\">Continue reading <span class=\"meta-nav\">&rarr;<\/span><\/a><\/p>\n","protected":false},"author":1,"featured_media":0,"parent":0,"menu_order":0,"comment_status":"closed","ping_status":"closed","template":"full-width-page.php","meta":[],"_links":{"self":[{"href":"https:\/\/www.vizzit.se\/h\/wp-json\/wp\/v2\/pages\/24532"}],"collection":[{"href":"https:\/\/www.vizzit.se\/h\/wp-json\/wp\/v2\/pages"}],"about":[{"href":"https:\/\/www.vizzit.se\/h\/wp-json\/wp\/v2\/types\/page"}],"author":[{"embeddable":true,"href":"https:\/\/www.vizzit.se\/h\/wp-json\/wp\/v2\/users\/1"}],"replies":[{"embeddable":true,"href":"https:\/\/www.vizzit.se\/h\/wp-json\/wp\/v2\/comments?post=24532"}],"version-history":[{"count":45,"href":"https:\/\/www.vizzit.se\/h\/wp-json\/wp\/v2\/pages\/24532\/revisions"}],"predecessor-version":[{"id":25147,"href":"https:\/\/www.vizzit.se\/h\/wp-json\/wp\/v2\/pages\/24532\/revisions\/25147"}],"wp:attachment":[{"href":"https:\/\/www.vizzit.se\/h\/wp-json\/wp\/v2\/media?parent=24532"}],"curies":[{"name":"wp","href":"https:\/\/api.w.org\/{rel}","templated":true}]}}